{"id":110,"date":"2021-08-23T14:55:55","date_gmt":"2021-08-23T12:55:55","guid":{"rendered":"https:\/\/digitalbootcamp.at\/?page_id=110"},"modified":"2021-08-23T14:56:28","modified_gmt":"2021-08-23T12:56:28","slug":"impressum","status":"publish","type":"page","link":"https:\/\/digitalbootcamp.at\/?page_id=110","title":{"rendered":"Impressum"},"content":{"rendered":"\t\t<div data-elementor-type=\"wp-page\" data-elementor-id=\"110\" class=\"elementor elementor-110\" data-elementor-settings=\"[]\">\n\t\t\t\t\t\t\t<div class=\"elementor-section-wrap\">\n\t\t\t\t\t\t\t<section class=\"elementor-section elementor-top-section elementor-element elementor-element-23a7cd4b elementor-section-boxed elementor-section-height-default elementor-section-height-default\" data-id=\"23a7cd4b\" data-element_type=\"section\" data-settings=\"{&quot;background_background&quot;:&quot;classic&quot;}\">\n\t\t\t\t\t\t<div class=\"elementor-container elementor-column-gap-default\">\n\t\t\t\t\t<div class=\"elementor-column elementor-col-100 elementor-top-column elementor-element elementor-element-5a39653f\" data-id=\"5a39653f\" data-element_type=\"column\">\n\t\t\t<div class=\"elementor-widget-wrap elementor-element-populated\">\n\t\t\t\t\t\t\t\t<div class=\"elementor-element elementor-element-30a79bf4 elementor-widget elementor-widget-heading\" data-id=\"30a79bf4\" data-element_type=\"widget\" data-widget_type=\"heading.default\">\n\t\t\t\t<div class=\"elementor-widget-container\">\n\t\t\t<h2 class=\"elementor-heading-title elementor-size-xl\">Impressum<\/h2>\t\t<\/div>\n\t\t\t\t<\/div>\n\t\t\t\t<div class=\"elementor-element elementor-element-407e67c4 elementor-widget elementor-widget-text-editor\" data-id=\"407e67c4\" data-element_type=\"widget\" data-widget_type=\"text-editor.default\">\n\t\t\t\t<div class=\"elementor-widget-container\">\n\t\t\t\t\t\t\t\t<p>Dienstanbieter und Medieninhaber: Research Studios Austria Forschungsgesellschaft mbH<\/p><p><span style=\"letter-spacing: 0px;\">\u00a0Leopoldskronstra\u00dfe 30 5020 Salzburg, \u00d6sterreich\u00a0<\/span><\/p><p><span style=\"letter-spacing: 0px;\">E-Mail: office@researchstudio.at\u00a0<\/span><\/p><p><span style=\"letter-spacing: 0px;\">Tel.: +43 662 83 46 02 0\u00a0<\/span><\/p><p><span style=\"letter-spacing: 0px;\">Unternehmensgegenstand: Forschungsgesellschaft\u00a0<\/span><\/p><p><span style=\"letter-spacing: 0px;\">UID-Nummer: ATU64109645\u00a0<\/span><\/p><p><span style=\"letter-spacing: 0px;\">Firmenbuchnummer: FN 308888y\u00a0<\/span><\/p><p><span style=\"letter-spacing: 0px;\">Firmenbuchgericht: Salzburg Stadt\u00a0<\/span><\/p><p><span style=\"letter-spacing: 0px;\">Bankverbindung \u2013 IBAN: AT373500000008163263\u00a0<\/span><\/p><p><span style=\"letter-spacing: 0px;\">\u00a0<\/span><\/p><p><span style=\"letter-spacing: 0px;\">Gesch\u00e4ftsf\u00fchrung:\u00a0<\/span><\/p><p><span style=\"letter-spacing: 0px;\">Dr. Thomas Prinz Wissenschaftlicher Gesch\u00e4ftsf\u00fchrer f\u00fcr Anwendungsforschung und Innovationstransfer Dr. Markus Tauber Wissenschaftlicher Gesch\u00e4ftsf\u00fchrer f\u00fcr Digital Intelligence und Kerntechnologien Mag. Michael Tockner, MSc. Kaufm\u00e4nnischer Gesch\u00e4ftsf\u00fchrer, Leitung Forschungsmanagement<\/span><\/p>\t\t\t\t\t\t<\/div>\n\t\t\t\t<\/div>\n\t\t\t\t<div class=\"elementor-element elementor-element-d92e584 elementor-align-center elementor-widget elementor-widget-button\" data-id=\"d92e584\" data-element_type=\"widget\" data-widget_type=\"button.default\">\n\t\t\t\t<div class=\"elementor-widget-container\">\n\t\t\t\t\t<div class=\"elementor-button-wrapper\">\n\t\t\t<a href=\"https:\/\/digitalbootcamp.at\/\" class=\"elementor-button-link elementor-button elementor-size-sm\" role=\"button\">\n\t\t\t\t\t\t<span class=\"elementor-button-content-wrapper\">\n\t\t\t\t\t\t<span class=\"elementor-button-text\">Zur\u00fcck<\/span>\n\t\t<\/span>\n\t\t\t\t\t<\/a>\n\t\t<\/div>\n\t\t\t\t<\/div>\n\t\t\t\t<\/div>\n\t\t\t\t\t<\/div>\n\t\t<\/div>\n\t\t\t\t\t\t\t<\/div>\n\t\t<\/section>\n\t\t\t\t\t\t<\/div>\n\t\t\t\t\t<\/div>\n\t\t","protected":false},"excerpt":{"rendered":"<p>Impressum Dienstanbieter und Medieninhaber: Research Studios Austria Forschungsgesellschaft mbH \u00a0Leopoldskronstra\u00dfe 30 5020 Salzburg, \u00d6sterreich\u00a0 E-Mail: office@researchstudio.at\u00a0 Tel.: +43 662 83 46 02 0\u00a0 Unternehmensgegenstand: Forschungsgesellschaft\u00a0 UID-Nummer: ATU64109645\u00a0 Firmenbuchnummer: FN 308888y\u00a0 Firmenbuchgericht: Salzburg Stadt\u00a0 Bankverbindung \u2013 IBAN: AT373500000008163263\u00a0 \u00a0 Gesch\u00e4ftsf\u00fchrung:\u00a0 Dr. Thomas Prinz Wissenschaftlicher Gesch\u00e4ftsf\u00fchrer f\u00fcr Anwendungsforschung und Innovationstransfer Dr. Markus Tauber Wissenschaftlicher Gesch\u00e4ftsf\u00fchrer f\u00fcr Digital&hellip; <a class=\"more-link\" href=\"https:\/\/digitalbootcamp.at\/?page_id=110\">Continue reading <span class=\"screen-reader-text\">Impressum<\/span><\/a><\/p>\n","protected":false},"author":1,"featured_media":0,"parent":0,"menu_order":0,"comment_status":"closed","ping_status":"closed","template":"elementor_canvas","meta":{"footnotes":""},"class_list":["post-110","page","type-page","status-publish","hentry","entry"],"_links":{"self":[{"href":"https:\/\/digitalbootcamp.at\/index.php?rest_route=\/wp\/v2\/pages\/110","targetHints":{"allow":["GET"]}}],"collection":[{"href":"https:\/\/digitalbootcamp.at\/index.php?rest_route=\/wp\/v2\/pages"}],"about":[{"href":"https:\/\/digitalbootcamp.at\/index.php?rest_route=\/wp\/v2\/types\/page"}],"author":[{"embeddable":true,"href":"https:\/\/digitalbootcamp.at\/index.php?rest_route=\/wp\/v2\/users\/1"}],"replies":[{"embeddable":true,"href":"https:\/\/digitalbootcamp.at\/index.php?rest_route=%2Fwp%2Fv2%2Fcomments&post=110"}],"version-history":[{"count":4,"href":"https:\/\/digitalbootcamp.at\/index.php?rest_route=\/wp\/v2\/pages\/110\/revisions"}],"predecessor-version":[{"id":114,"href":"https:\/\/digitalbootcamp.at\/index.php?rest_route=\/wp\/v2\/pages\/110\/revisions\/114"}],"wp:attachment":[{"href":"https:\/\/digitalbootcamp.at\/index.php?rest_route=%2Fwp%2Fv2%2Fmedia&parent=110"}],"curies":[{"name":"wp","href":"https:\/\/api.w.org\/{rel}","templated":true}]}}